{"id":84,"date":"2025-05-20T21:57:01","date_gmt":"2025-05-20T19:57:01","guid":{"rendered":"http:\/\/kingadutkiewicz.pl\/?page_id=84"},"modified":"2025-05-21T16:29:14","modified_gmt":"2025-05-21T14:29:14","slug":"doswiadczenie","status":"publish","type":"page","link":"http:\/\/kingadutkiewicz.pl\/en\/doswiadczenie\/","title":{"rendered":"Experience"},"content":{"rendered":"<div class=\"wp-block-group is-vertical is-content-justification-center is-layout-flex wp-container-core-group-is-layout-52b864f0 wp-block-group-is-layout-flex\">\n<p><\/p>\n\n\n\n<div style=\"height:0px\" aria-hidden=\"true\" class=\"wp-block-spacer wp-container-content-4f2ccadb\"><\/div>\n\n\n\n<p class=\"has-text-align-center\">I gained professional experience through <\/p>\n\n\n\n<p class=\"has-text-align-center\"><strong>clinical placements in Warsaw hospitals and accredited training centres,<\/strong> w warszawskich szpitalach i o\u015brodkach sta\u017cowych <\/p>\n\n\n\n<p class=\"has-text-align-center\">as well as by working in:<\/p>\n\n\n\n<p><\/p>\n<\/div>\n\n\n\n<div class=\"wp-block-group alignwide has-global-padding is-layout-constrained wp-block-group-is-layout-constrained\">\n<div class=\"wp-block-columns alignwide is-layout-flex wp-container-core-columns-is-layout-d0bbbce0 wp-block-columns-is-layout-flex\">\n<div class=\"wp-block-column is-layout-flow wp-container-core-column-is-layout-e3d1c41b wp-block-column-is-layout-flow\">\n<h3 class=\"wp-block-heading has-text-align-left is-style-asterisk has-body-font-family has-medium-font-size\" style=\"font-style:normal;font-weight:600\">mental health clinics for children and adolescents, including the Mother and Child Institute and the Mazovian Centre of Neuropsychiatry in Warsaw. <br>i Dziecka, Mazowieckiego Centrum Neuropsychiatrii w Warszawie<\/h3>\n\n\n\n<p class=\"has-text-align-left\"><\/p>\n<\/div>\n\n\n\n<div class=\"wp-block-column is-layout-flow wp-container-core-column-is-layout-e3d1c41b wp-block-column-is-layout-flow\">\n<h3 class=\"wp-block-heading has-text-align-left is-style-asterisk has-body-font-family has-medium-font-size\" style=\"font-style:normal;font-weight:600\">psychological and educational counselling centres in Warsaw (both public and private). <br>i niepublicznych)<\/h3>\n\n\n\n<p class=\"has-text-align-left\"><\/p>\n<\/div>\n\n\n\n<div class=\"wp-block-column is-layout-flow wp-container-core-column-is-layout-e3d1c41b wp-block-column-is-layout-flow\">\n<h3 class=\"wp-block-heading has-text-align-left is-style-asterisk has-body-font-family has-medium-font-size\" style=\"font-style:normal;font-weight:600\">Community Mental Health Centres for Children and Adolescents in Warsaw (Bielany, \u015ar\u00f3dmie\u015bcie, Ochota).<\/h3>\n\n\n\n<p class=\"has-text-align-left\"><\/p>\n<\/div>\n<\/div>\n<\/div>\n\n\n\n<div style=\"height:var(--wp--preset--spacing--20)\" aria-hidden=\"true\" class=\"wp-block-spacer\"><\/div>\n\n\n\n<div class=\"wp-block-columns alignwide is-layout-flex wp-container-core-columns-is-layout-d0bbbce0 wp-block-columns-is-layout-flex\">\n<div class=\"wp-block-column is-layout-flow wp-container-core-column-is-layout-e3d1c41b wp-block-column-is-layout-flow\">\n<h3 class=\"wp-block-heading has-text-align-left is-style-asterisk has-body-font-family has-medium-font-size\" style=\"font-style:normal;font-weight:600\">a general secondary school (as a school psychologist). <br>(jako psycholog szkolna)<\/h3>\n\n\n\n<p class=\"has-text-align-left\"><\/p>\n<\/div>\n\n\n\n<div class=\"wp-block-column is-layout-flow wp-container-core-column-is-layout-e3d1c41b wp-block-column-is-layout-flow\">\n<h3 class=\"wp-block-heading has-text-align-left is-style-asterisk has-body-font-family has-medium-font-size\" style=\"font-style:normal;font-weight:600\">private psychotherapeutic centres.<\/h3>\n\n\n\n<p class=\"has-text-align-left\"><\/p>\n<\/div>\n\n\n\n<div class=\"wp-block-column is-layout-flow wp-container-core-column-is-layout-e3d1c41b wp-block-column-is-layout-flow\">\n<p class=\"has-text-align-left\"><\/p>\n<\/div>\n<\/div>\n\n\n\n<p><\/p>","protected":false},"excerpt":{"rendered":"<p>Do\u015bwiadczenie zawodowe zdobywa\u0142am podczas sta\u017cy klinicznych w warszawskich szpitalach i o\u015brodkach sta\u017cowych oraz pracuj\u0105c w: poradniach zdrowia psychicznego dla dzieci i m\u0142odzie\u017cy, m.in. Instytutu Matki i Dziecka, Mazowieckiego Centrum Neuropsychiatrii w Warszawie warszawskich poradniach psychologiczno-pedagogicznych (publicznych i niepublicznych) \u015arodowiskowych Centrach Zdrowia Psychicznego dla Dzieci i M\u0142odzie\u017cy w Warszawie (Bielany, \u015ar\u00f3dmie\u015bcie, Ochota) liceum og\u00f3lnokszta\u0142c\u0105cym (jako psycholog [&hellip;]<\/p>","protected":false},"author":1,"featured_media":0,"parent":0,"menu_order":0,"comment_status":"closed","ping_status":"closed","template":"","meta":{"footnotes":""},"class_list":["post-84","page","type-page","status-publish","hentry"],"yoast_head":"<!-- This site is optimized with the Yoast SEO plugin v25.2 - https:\/\/yoast.com\/wordpress\/plugins\/seo\/ -->\n<title>Do\u015bwiadczenie - Kinga Dutkiewicz Psychoterapia<\/title>\n<meta name=\"robots\" content=\"index, follow, max-snippet:-1, max-image-preview:large, max-video-preview:-1\" \/>\n<link rel=\"canonical\" href=\"http:\/\/kingadutkiewicz.pl\/en\/doswiadczenie\/\" \/>\n<meta property=\"og:locale\" content=\"en_GB\" \/>\n<meta property=\"og:type\" content=\"article\" \/>\n<meta property=\"og:title\" content=\"Do\u015bwiadczenie - Kinga Dutkiewicz Psychoterapia\" \/>\n<meta property=\"og:description\" content=\"Do\u015bwiadczenie zawodowe zdobywa\u0142am podczas sta\u017cy klinicznych w warszawskich szpitalach i o\u015brodkach sta\u017cowych oraz pracuj\u0105c w: poradniach zdrowia psychicznego dla dzieci i m\u0142odzie\u017cy, m.in. Instytutu Matki i Dziecka, Mazowieckiego Centrum Neuropsychiatrii w Warszawie warszawskich poradniach psychologiczno-pedagogicznych (publicznych i niepublicznych) \u015arodowiskowych Centrach Zdrowia Psychicznego dla Dzieci i M\u0142odzie\u017cy w Warszawie (Bielany, \u015ar\u00f3dmie\u015bcie, Ochota) liceum og\u00f3lnokszta\u0142c\u0105cym (jako psycholog [&hellip;]\" \/>\n<meta property=\"og:url\" content=\"http:\/\/kingadutkiewicz.pl\/en\/doswiadczenie\/\" \/>\n<meta property=\"og:site_name\" content=\"Kinga Dutkiewicz Psychoterapia\" \/>\n<meta property=\"article:modified_time\" content=\"2025-05-21T14:29:14+00:00\" \/>\n<meta name=\"twitter:card\" content=\"summary_large_image\" \/>\n<script type=\"application\/ld+json\" class=\"yoast-schema-graph\">{\"@context\":\"https:\/\/schema.org\",\"@graph\":[{\"@type\":\"WebPage\",\"@id\":\"http:\/\/kingadutkiewicz.pl\/doswiadczenie\/\",\"url\":\"http:\/\/kingadutkiewicz.pl\/doswiadczenie\/\",\"name\":\"Do\u015bwiadczenie - Kinga Dutkiewicz Psychoterapia\",\"isPartOf\":{\"@id\":\"https:\/\/kingadutkiewicz.pl\/#website\"},\"datePublished\":\"2025-05-20T19:57:01+00:00\",\"dateModified\":\"2025-05-21T14:29:14+00:00\",\"breadcrumb\":{\"@id\":\"http:\/\/kingadutkiewicz.pl\/doswiadczenie\/#breadcrumb\"},\"inLanguage\":\"en-GB\",\"potentialAction\":[{\"@type\":\"ReadAction\",\"target\":[\"http:\/\/kingadutkiewicz.pl\/doswiadczenie\/\"]}]},{\"@type\":\"BreadcrumbList\",\"@id\":\"http:\/\/kingadutkiewicz.pl\/doswiadczenie\/#breadcrumb\",\"itemListElement\":[{\"@type\":\"ListItem\",\"position\":1,\"name\":\"Strona g\u0142\u00f3wna\",\"item\":\"https:\/\/kingadutkiewicz.pl\/\"},{\"@type\":\"ListItem\",\"position\":2,\"name\":\"Do\u015bwiadczenie\"}]},{\"@type\":\"WebSite\",\"@id\":\"https:\/\/kingadutkiewicz.pl\/#website\",\"url\":\"https:\/\/kingadutkiewicz.pl\/\",\"name\":\"Kinga Dutkiewicz Psychoterapia\",\"description\":\"\",\"potentialAction\":[{\"@type\":\"SearchAction\",\"target\":{\"@type\":\"EntryPoint\",\"urlTemplate\":\"https:\/\/kingadutkiewicz.pl\/?s={search_term_string}\"},\"query-input\":{\"@type\":\"PropertyValueSpecification\",\"valueRequired\":true,\"valueName\":\"search_term_string\"}}],\"inLanguage\":\"en-GB\"}]}<\/script>\n<!-- \/ Yoast SEO plugin. -->","yoast_head_json":{"title":"Do\u015bwiadczenie - Kinga Dutkiewicz Psychoterapia","robots":{"index":"index","follow":"follow","max-snippet":"max-snippet:-1","max-image-preview":"max-image-preview:large","max-video-preview":"max-video-preview:-1"},"canonical":"http:\/\/kingadutkiewicz.pl\/en\/doswiadczenie\/","og_locale":"en_GB","og_type":"article","og_title":"Do\u015bwiadczenie - Kinga Dutkiewicz Psychoterapia","og_description":"Do\u015bwiadczenie zawodowe zdobywa\u0142am podczas sta\u017cy klinicznych w warszawskich szpitalach i o\u015brodkach sta\u017cowych oraz pracuj\u0105c w: poradniach zdrowia psychicznego dla dzieci i m\u0142odzie\u017cy, m.in. Instytutu Matki i Dziecka, Mazowieckiego Centrum Neuropsychiatrii w Warszawie warszawskich poradniach psychologiczno-pedagogicznych (publicznych i niepublicznych) \u015arodowiskowych Centrach Zdrowia Psychicznego dla Dzieci i M\u0142odzie\u017cy w Warszawie (Bielany, \u015ar\u00f3dmie\u015bcie, Ochota) liceum og\u00f3lnokszta\u0142c\u0105cym (jako psycholog [&hellip;]","og_url":"http:\/\/kingadutkiewicz.pl\/en\/doswiadczenie\/","og_site_name":"Kinga Dutkiewicz Psychoterapia","article_modified_time":"2025-05-21T14:29:14+00:00","twitter_card":"summary_large_image","schema":{"@context":"https:\/\/schema.org","@graph":[{"@type":"WebPage","@id":"http:\/\/kingadutkiewicz.pl\/doswiadczenie\/","url":"http:\/\/kingadutkiewicz.pl\/doswiadczenie\/","name":"Do\u015bwiadczenie - Kinga Dutkiewicz Psychoterapia","isPartOf":{"@id":"https:\/\/kingadutkiewicz.pl\/#website"},"datePublished":"2025-05-20T19:57:01+00:00","dateModified":"2025-05-21T14:29:14+00:00","breadcrumb":{"@id":"http:\/\/kingadutkiewicz.pl\/doswiadczenie\/#breadcrumb"},"inLanguage":"en-GB","potentialAction":[{"@type":"ReadAction","target":["http:\/\/kingadutkiewicz.pl\/doswiadczenie\/"]}]},{"@type":"BreadcrumbList","@id":"http:\/\/kingadutkiewicz.pl\/doswiadczenie\/#breadcrumb","itemListElement":[{"@type":"ListItem","position":1,"name":"Strona g\u0142\u00f3wna","item":"https:\/\/kingadutkiewicz.pl\/"},{"@type":"ListItem","position":2,"name":"Do\u015bwiadczenie"}]},{"@type":"WebSite","@id":"https:\/\/kingadutkiewicz.pl\/#website","url":"https:\/\/kingadutkiewicz.pl\/","name":"Kinga Dutkiewicz Psychoterapia","description":"","potentialAction":[{"@type":"SearchAction","target":{"@type":"EntryPoint","urlTemplate":"https:\/\/kingadutkiewicz.pl\/?s={search_term_string}"},"query-input":{"@type":"PropertyValueSpecification","valueRequired":true,"valueName":"search_term_string"}}],"inLanguage":"en-GB"}]}},"_links":{"self":[{"href":"http:\/\/kingadutkiewicz.pl\/en\/wp-json\/wp\/v2\/pages\/84","targetHints":{"allow":["GET"]}}],"collection":[{"href":"http:\/\/kingadutkiewicz.pl\/en\/wp-json\/wp\/v2\/pages"}],"about":[{"href":"http:\/\/kingadutkiewicz.pl\/en\/wp-json\/wp\/v2\/types\/page"}],"author":[{"embeddable":true,"href":"http:\/\/kingadutkiewicz.pl\/en\/wp-json\/wp\/v2\/users\/1"}],"replies":[{"embeddable":true,"href":"http:\/\/kingadutkiewicz.pl\/en\/wp-json\/wp\/v2\/comments?post=84"}],"version-history":[{"count":6,"href":"http:\/\/kingadutkiewicz.pl\/en\/wp-json\/wp\/v2\/pages\/84\/revisions"}],"predecessor-version":[{"id":141,"href":"http:\/\/kingadutkiewicz.pl\/en\/wp-json\/wp\/v2\/pages\/84\/revisions\/141"}],"wp:attachment":[{"href":"http:\/\/kingadutkiewicz.pl\/en\/wp-json\/wp\/v2\/media?parent=84"}],"curies":[{"name":"wp","href":"https:\/\/api.w.org\/{rel}","templated":true}]}}