{"id":54,"date":"2025-05-20T16:19:56","date_gmt":"2025-05-20T14:19:56","guid":{"rendered":"http:\/\/kingadutkiewicz.pl\/?page_id=54"},"modified":"2025-05-21T15:11:17","modified_gmt":"2025-05-21T13:11:17","slug":"kontakt","status":"publish","type":"page","link":"http:\/\/kingadutkiewicz.pl\/en\/kontakt\/","title":{"rendered":"Contact me"},"content":{"rendered":"<p>Have questions or concerns? Call or write to me:<\/p>\n\n\n\n<p>Kinga Dutkiewicz<\/p>\n\n\n\n<p>Phone: +48 501 519 206 (if I don\u2019t answer, please send a text message) <\/p>\n\n\n\n<p>mail: <a href=\"mailto:kontakt@kingadutkiewicz.pl\">kontakt@kingadutkiewicz.pl<\/a><\/p>\n\n\n\n<p><\/p>\n\n\n\n<p>I look forward to hearing from you.<\/p>\n\n\n<div class=\"wpforms-container wpforms-container-full wpforms-block wpforms-block-a185d011-1d4e-4c79-ad62-6f7db3a7140a wpforms-render-modern\" id=\"wpforms-32\"><form id=\"wpforms-form-32\" class=\"wpforms-validate wpforms-form wpforms-ajax-form\" data-formid=\"32\" method=\"post\" enctype=\"multipart\/form-data\" action=\"\/en\/wp-json\/wp\/v2\/pages\/54\" data-token=\"a0d5cabb18e081c808c95be06baf48d7\" data-token-time=\"1776769427\" data-trp-original-action=\"\/en\/wp-json\/wp\/v2\/pages\/54\"><noscript class=\"wpforms-error-noscript\">Please enable JavaScript in your browser to complete this form.<\/noscript><div id=\"wpforms-error-noscript\" style=\"display: none;\">Please enable JavaScript in your browser to complete this form.<\/div><div class=\"wpforms-field-container\"><div id=\"wpforms-32-field_1-container\" class=\"wpforms-field wpforms-field-name\" data-field-id=\"1\"><fieldset><legend class=\"wpforms-field-label\">First and last name <span class=\"wpforms-required-label\" aria-hidden=\"true\">*<\/span><\/legend><div class=\"wpforms-field-row wpforms-field-medium\"><div class=\"wpforms-field-row-block wpforms-first wpforms-one-half\"><input type=\"text\" id=\"wpforms-32-field_1\" class=\"wpforms-field-name-first wpforms-field-required\" name=\"wpforms[fields][1][first]\" aria-errormessage=\"wpforms-32-field_1-error\" required><label for=\"wpforms-32-field_1\" class=\"wpforms-field-sublabel after\">First<\/label><\/div><div class=\"wpforms-field-row-block wpforms-one-half\"><input type=\"text\" id=\"wpforms-32-field_1-last\" class=\"wpforms-field-name-last wpforms-field-required\" name=\"wpforms[fields][1][last]\" aria-errormessage=\"wpforms-32-field_1-last-error\" required><label for=\"wpforms-32-field_1-last\" class=\"wpforms-field-sublabel after\">Last<\/label><\/div><\/div><\/fieldset><\/div><div id=\"wpforms-32-field_2-container\" class=\"wpforms-field wpforms-field-email\" data-field-id=\"2\"><label class=\"wpforms-field-label\" for=\"wpforms-32-field_2\">E-mail address <span class=\"wpforms-required-label\" aria-hidden=\"true\">*<\/span><\/label><input type=\"email\" id=\"wpforms-32-field_2\" class=\"wpforms-field-medium wpforms-field-required\" name=\"wpforms[fields][2]\" spellcheck=\"false\" aria-errormessage=\"wpforms-32-field_2-error\" required><\/div>\t\t<div id=\"wpforms-32-field_4-container\"\n\t\t\tclass=\"wpforms-field wpforms-field-text\"\n\t\t\tdata-field-type=\"text\"\n\t\t\tdata-field-id=\"4\"\n\t\t\t>\n\t\t\t<label class=\"wpforms-field-label\" for=\"wpforms-32-field_4\" >Imi\u0119 wiadomo\u015b\u0107 i<\/label>\n\t\t\t<input type=\"text\" id=\"wpforms-32-field_4\" class=\"wpforms-field-medium\" name=\"wpforms[fields][4]\" >\n\t\t<\/div>\n\t\t<div id=\"wpforms-32-field_3-container\" class=\"wpforms-field wpforms-field-textarea\" data-field-id=\"3\"><label class=\"wpforms-field-label\" for=\"wpforms-32-field_3\">Comment or message<\/label><textarea id=\"wpforms-32-field_3\" class=\"wpforms-field-medium\" name=\"wpforms[fields][3]\" aria-errormessage=\"wpforms-32-field_3-error\" ><\/textarea><\/div><script>\n\t\t\t\t( function() {\n\t\t\t\t\tconst style = document.createElement( 'style' );\n\t\t\t\t\tstyle.appendChild( document.createTextNode( '#wpforms-32-field_4-container { position: absolute !important; overflow: hidden !important; display: inline !important; height: 1px !important; width: 1px !important; z-index: -1000 !important; padding: 0 !important; } #wpforms-32-field_4-container input { visibility: hidden; } #wpforms-conversational-form-page #wpforms-32-field_4-container label { counter-increment: none; }' ) );\n\t\t\t\t\tdocument.head.appendChild( style );\n\t\t\t\t\tdocument.currentScript?.remove();\n\t\t\t\t} )();\n\t\t\t<\/script><\/div><!-- .wpforms-field-container --><div class=\"wpforms-submit-container\" ><input type=\"hidden\" name=\"wpforms[id]\" value=\"32\"><input type=\"hidden\" name=\"page_title\" value=\"\"><input type=\"hidden\" name=\"page_url\" value=\"http:\/\/kingadutkiewicz.pl\/en\/wp-json\/wp\/v2\/pages\/54\"><input type=\"hidden\" name=\"url_referer\" value=\"\"><button type=\"submit\" name=\"wpforms[submit]\" id=\"wpforms-submit-32\" class=\"wpforms-submit\" data-alt-text=\"Wysy\u0142anie...\" data-submit-text=\"Prze\u015blij\" aria-live=\"assertive\" value=\"wpforms-submit\">Send<\/button><img loading=\"lazy\" decoding=\"async\" src=\"http:\/\/kingadutkiewicz.pl\/wp-content\/plugins\/wpforms-lite\/assets\/images\/submit-spin.svg\" class=\"wpforms-submit-spinner\" style=\"display: none;\" width=\"26\" height=\"26\" alt=\"Loading\"><\/div><input type=\"hidden\" name=\"trp-form-language\" value=\"en\"\/><\/form><\/div>  <!-- .wpforms-container -->\n\n\n<div class=\"wp-block-buttons is-layout-flex wp-block-buttons-is-layout-flex\">\n<div class=\"wp-block-button\"><a class=\"wp-block-button__link wp-element-button\" href=\"http:\/\/kingadutkiewicz.pl\/?page_id=52\">About me<\/a><\/div>\n\n\n\n<div class=\"wp-block-button\"><a class=\"wp-block-button__link wp-element-button\" href=\"http:\/\/kingadutkiewicz.pl\/?page_id=53\">Services<\/a><\/div>\n\n\n\n<div class=\"wp-block-button\"><a class=\"wp-block-button__link wp-element-button\" href=\"http:\/\/kingadutkiewicz.pl\/?page_id=74\">For Whom<\/a><\/div>\n<\/div>\n\n\n\n<p><\/p>","protected":false},"excerpt":{"rendered":"<p>Masz pytania, w\u0105tpliwo\u015bci? Zadzwo\u0144 lub napisz: Kinga Dutkiewicz tel. +48 501 519 206 (je\u015bli nie odbieram &#8211; napisz SMS) mail: kontakt@kingadutkiewicz.pl Czekam na Twoj\u0105 wiadomo\u015b\u0107.<\/p>","protected":false},"author":1,"featured_media":0,"parent":0,"menu_order":0,"comment_status":"closed","ping_status":"closed","template":"","meta":{"footnotes":""},"class_list":["post-54","page","type-page","status-publish","hentry"],"yoast_head":"<!-- This site is optimized with the Yoast SEO plugin v25.2 - https:\/\/yoast.com\/wordpress\/plugins\/seo\/ -->\n<title>Kontakt - Kinga Dutkiewicz Psychoterapia<\/title>\n<meta name=\"robots\" content=\"index, follow, max-snippet:-1, max-image-preview:large, max-video-preview:-1\" \/>\n<link rel=\"canonical\" href=\"http:\/\/kingadutkiewicz.pl\/en\/kontakt\/\" \/>\n<meta property=\"og:locale\" content=\"en_GB\" \/>\n<meta property=\"og:type\" content=\"article\" \/>\n<meta property=\"og:title\" content=\"Kontakt - Kinga Dutkiewicz Psychoterapia\" \/>\n<meta property=\"og:description\" content=\"Masz pytania, w\u0105tpliwo\u015bci? Zadzwo\u0144 lub napisz: Kinga Dutkiewicz tel. +48 501 519 206 (je\u015bli nie odbieram &#8211; napisz SMS) mail: kontakt@kingadutkiewicz.pl Czekam na Twoj\u0105 wiadomo\u015b\u0107.\" \/>\n<meta property=\"og:url\" content=\"http:\/\/kingadutkiewicz.pl\/en\/kontakt\/\" \/>\n<meta property=\"og:site_name\" content=\"Kinga Dutkiewicz Psychoterapia\" \/>\n<meta property=\"article:modified_time\" content=\"2025-05-21T13:11:17+00:00\" \/>\n<meta name=\"twitter:card\" content=\"summary_large_image\" \/>\n<script type=\"application\/ld+json\" class=\"yoast-schema-graph\">{\"@context\":\"https:\/\/schema.org\",\"@graph\":[{\"@type\":\"WebPage\",\"@id\":\"http:\/\/kingadutkiewicz.pl\/kontakt\/\",\"url\":\"http:\/\/kingadutkiewicz.pl\/kontakt\/\",\"name\":\"Kontakt - Kinga Dutkiewicz Psychoterapia\",\"isPartOf\":{\"@id\":\"https:\/\/kingadutkiewicz.pl\/#website\"},\"datePublished\":\"2025-05-20T14:19:56+00:00\",\"dateModified\":\"2025-05-21T13:11:17+00:00\",\"breadcrumb\":{\"@id\":\"http:\/\/kingadutkiewicz.pl\/kontakt\/#breadcrumb\"},\"inLanguage\":\"en-GB\",\"potentialAction\":[{\"@type\":\"ReadAction\",\"target\":[\"http:\/\/kingadutkiewicz.pl\/kontakt\/\"]}]},{\"@type\":\"BreadcrumbList\",\"@id\":\"http:\/\/kingadutkiewicz.pl\/kontakt\/#breadcrumb\",\"itemListElement\":[{\"@type\":\"ListItem\",\"position\":1,\"name\":\"Strona g\u0142\u00f3wna\",\"item\":\"https:\/\/kingadutkiewicz.pl\/\"},{\"@type\":\"ListItem\",\"position\":2,\"name\":\"Kontakt\"}]},{\"@type\":\"WebSite\",\"@id\":\"https:\/\/kingadutkiewicz.pl\/#website\",\"url\":\"https:\/\/kingadutkiewicz.pl\/\",\"name\":\"Kinga Dutkiewicz Psychoterapia\",\"description\":\"\",\"potentialAction\":[{\"@type\":\"SearchAction\",\"target\":{\"@type\":\"EntryPoint\",\"urlTemplate\":\"https:\/\/kingadutkiewicz.pl\/?s={search_term_string}\"},\"query-input\":{\"@type\":\"PropertyValueSpecification\",\"valueRequired\":true,\"valueName\":\"search_term_string\"}}],\"inLanguage\":\"en-GB\"}]}<\/script>\n<!-- \/ Yoast SEO plugin. -->","yoast_head_json":{"title":"Kontakt - Kinga Dutkiewicz Psychoterapia","robots":{"index":"index","follow":"follow","max-snippet":"max-snippet:-1","max-image-preview":"max-image-preview:large","max-video-preview":"max-video-preview:-1"},"canonical":"http:\/\/kingadutkiewicz.pl\/en\/kontakt\/","og_locale":"en_GB","og_type":"article","og_title":"Kontakt - Kinga Dutkiewicz Psychoterapia","og_description":"Masz pytania, w\u0105tpliwo\u015bci? Zadzwo\u0144 lub napisz: Kinga Dutkiewicz tel. +48 501 519 206 (je\u015bli nie odbieram &#8211; napisz SMS) mail: kontakt@kingadutkiewicz.pl Czekam na Twoj\u0105 wiadomo\u015b\u0107.","og_url":"http:\/\/kingadutkiewicz.pl\/en\/kontakt\/","og_site_name":"Kinga Dutkiewicz Psychoterapia","article_modified_time":"2025-05-21T13:11:17+00:00","twitter_card":"summary_large_image","schema":{"@context":"https:\/\/schema.org","@graph":[{"@type":"WebPage","@id":"http:\/\/kingadutkiewicz.pl\/kontakt\/","url":"http:\/\/kingadutkiewicz.pl\/kontakt\/","name":"Kontakt - Kinga Dutkiewicz Psychoterapia","isPartOf":{"@id":"https:\/\/kingadutkiewicz.pl\/#website"},"datePublished":"2025-05-20T14:19:56+00:00","dateModified":"2025-05-21T13:11:17+00:00","breadcrumb":{"@id":"http:\/\/kingadutkiewicz.pl\/kontakt\/#breadcrumb"},"inLanguage":"en-GB","potentialAction":[{"@type":"ReadAction","target":["http:\/\/kingadutkiewicz.pl\/kontakt\/"]}]},{"@type":"BreadcrumbList","@id":"http:\/\/kingadutkiewicz.pl\/kontakt\/#breadcrumb","itemListElement":[{"@type":"ListItem","position":1,"name":"Strona g\u0142\u00f3wna","item":"https:\/\/kingadutkiewicz.pl\/"},{"@type":"ListItem","position":2,"name":"Kontakt"}]},{"@type":"WebSite","@id":"https:\/\/kingadutkiewicz.pl\/#website","url":"https:\/\/kingadutkiewicz.pl\/","name":"Kinga Dutkiewicz Psychoterapia","description":"","potentialAction":[{"@type":"SearchAction","target":{"@type":"EntryPoint","urlTemplate":"https:\/\/kingadutkiewicz.pl\/?s={search_term_string}"},"query-input":{"@type":"PropertyValueSpecification","valueRequired":true,"valueName":"search_term_string"}}],"inLanguage":"en-GB"}]}},"_links":{"self":[{"href":"http:\/\/kingadutkiewicz.pl\/en\/wp-json\/wp\/v2\/pages\/54","targetHints":{"allow":["GET"]}}],"collection":[{"href":"http:\/\/kingadutkiewicz.pl\/en\/wp-json\/wp\/v2\/pages"}],"about":[{"href":"http:\/\/kingadutkiewicz.pl\/en\/wp-json\/wp\/v2\/types\/page"}],"author":[{"embeddable":true,"href":"http:\/\/kingadutkiewicz.pl\/en\/wp-json\/wp\/v2\/users\/1"}],"replies":[{"embeddable":true,"href":"http:\/\/kingadutkiewicz.pl\/en\/wp-json\/wp\/v2\/comments?post=54"}],"version-history":[{"count":4,"href":"http:\/\/kingadutkiewicz.pl\/en\/wp-json\/wp\/v2\/pages\/54\/revisions"}],"predecessor-version":[{"id":128,"href":"http:\/\/kingadutkiewicz.pl\/en\/wp-json\/wp\/v2\/pages\/54\/revisions\/128"}],"wp:attachment":[{"href":"http:\/\/kingadutkiewicz.pl\/en\/wp-json\/wp\/v2\/media?parent=54"}],"curies":[{"name":"wp","href":"https:\/\/api.w.org\/{rel}","templated":true}]}}