{"id":52,"date":"2025-05-20T16:16:33","date_gmt":"2025-05-20T14:16:33","guid":{"rendered":"http:\/\/kingadutkiewicz.pl\/?page_id=52"},"modified":"2025-06-01T13:48:56","modified_gmt":"2025-06-01T11:48:56","slug":"o-mnie","status":"publish","type":"page","link":"http:\/\/kingadutkiewicz.pl\/en\/o-mnie\/","title":{"rendered":"About me"},"content":{"rendered":"<p>I am a graduate in psychology from the University of Warsaw and a qualified psychotherapist with two recognised training programmes:<\/p>\n\n\n\n<ul class=\"wp-block-list\">\n<li>A 5-year comprehensive psychotherapy training at the Department of Child and Adolescent Psychiatry, Jagiellonian University,<\/li>\n\n\n\n<li>A 2-year Couples and Family Psychotherapy training programme offered by the Psychoeducation Laboratory.<\/li>\n<\/ul>\n\n\n\n<p>Both programmes are endorsed by the Polish Psychiatric Association. <br>Od 2020 roku jestem cz\u0142onkini\u0105 Sekcji Naukowej Terapii Rodzin Towarzystwa i pracuj\u0119 zgodnie z jego kodeksem etycznym.<\/p>\n\n\n\n<p><strong>I hold the title of Specialist in Child and Adolescent Psychotherapy, obtained after passing the State Specialisation Examination organised by the Ministry of Health.<\/strong><\/p>\n\n\n\n<p>I have over 15 years of experience in diagnostic, consultative, and psychotherapeutic work.<\/p>\n\n\n\n<p>I also support families who speak English \u2014 my language proficiency is certified by the CAE (Cambridge English: Advanced). <\/p>\n\n\n\n<p>I offer online consultations when needed.<\/p>\n\n\n\n<p>My work is regularly supervised by a supervisor accredited by the Polish Psychiatric Association, which ensures the highest professional standards.<\/p>\n\n\n\n<div class=\"wp-block-buttons is-content-justification-center is-layout-flex wp-container-core-buttons-is-layout-a89b3969 wp-block-buttons-is-layout-flex\">\n<div class=\"wp-block-button\"><a class=\"wp-block-button__link wp-element-button\" href=\"http:\/\/kingadutkiewicz.pl\/?page_id=84\">Experience<\/a><\/div>\n<\/div>\n\n\n\n<p><\/p>\n\n\n\n<div class=\"wp-block-buttons is-content-justification-center is-layout-flex wp-container-core-buttons-is-layout-a89b3969 wp-block-buttons-is-layout-flex\">\n<div class=\"wp-block-button\"><a class=\"wp-block-button__link wp-element-button\" href=\"http:\/\/kingadutkiewicz.pl\/?page_id=53\">Services<\/a><\/div>\n\n\n\n<div class=\"wp-block-button\"><a class=\"wp-block-button__link wp-element-button\" href=\"http:\/\/kingadutkiewicz.pl\/?page_id=74\">For Whom<\/a><\/div>\n\n\n\n<div class=\"wp-block-button\"><a class=\"wp-block-button__link wp-element-button\" href=\"http:\/\/kingadutkiewicz.pl\/?page_id=54\">Contact me<\/a><\/div>\n<\/div>\n\n\n\n<p><\/p>","protected":false},"excerpt":{"rendered":"<p>Jestem absolwentk\u0105 psychologii na Uniwersytecie Warszawskim oraz psychoterapeutk\u0105 po uko\u0144czeniu dw\u00f3ch szkole\u0144: Oba programy posiadaj\u0105 rekomendacj\u0119 Polskiego Towarzystwa Psychiatrycznego. Od 2020 roku jestem cz\u0142onkini\u0105 Sekcji Naukowej Terapii Rodzin Towarzystwa i pracuj\u0119 zgodnie z jego kodeksem etycznym. Posiadam tytu\u0142 specjalisty psychoterapii dzieci i m\u0142odzie\u017cy, zdobyty po zdaniu Pa\u0144stwowego Egzaminu Specjalizacyjnego przy Ministerstwie Zdrowia. Mam ponad 15 [&hellip;]<\/p>","protected":false},"author":1,"featured_media":0,"parent":0,"menu_order":0,"comment_status":"closed","ping_status":"closed","template":"","meta":{"footnotes":""},"class_list":["post-52","page","type-page","status-publish","hentry"],"yoast_head":"<!-- This site is optimized with the Yoast SEO plugin v25.2 - https:\/\/yoast.com\/wordpress\/plugins\/seo\/ -->\n<title>O mnie - Kinga Dutkiewicz Psychoterapia<\/title>\n<meta name=\"robots\" content=\"index, follow, max-snippet:-1, max-image-preview:large, max-video-preview:-1\" \/>\n<link rel=\"canonical\" href=\"http:\/\/kingadutkiewicz.pl\/en\/o-mnie\/\" \/>\n<meta property=\"og:locale\" content=\"en_GB\" \/>\n<meta property=\"og:type\" content=\"article\" \/>\n<meta property=\"og:title\" content=\"O mnie - Kinga Dutkiewicz Psychoterapia\" \/>\n<meta property=\"og:description\" content=\"Jestem absolwentk\u0105 psychologii na Uniwersytecie Warszawskim oraz psychoterapeutk\u0105 po uko\u0144czeniu dw\u00f3ch szkole\u0144: Oba programy posiadaj\u0105 rekomendacj\u0119 Polskiego Towarzystwa Psychiatrycznego. Od 2020 roku jestem cz\u0142onkini\u0105 Sekcji Naukowej Terapii Rodzin Towarzystwa i pracuj\u0119 zgodnie z jego kodeksem etycznym. Posiadam tytu\u0142 specjalisty psychoterapii dzieci i m\u0142odzie\u017cy, zdobyty po zdaniu Pa\u0144stwowego Egzaminu Specjalizacyjnego przy Ministerstwie Zdrowia. Mam ponad 15 [&hellip;]\" \/>\n<meta property=\"og:url\" content=\"http:\/\/kingadutkiewicz.pl\/en\/o-mnie\/\" \/>\n<meta property=\"og:site_name\" content=\"Kinga Dutkiewicz Psychoterapia\" \/>\n<meta property=\"article:modified_time\" content=\"2025-06-01T11:48:56+00:00\" \/>\n<meta name=\"twitter:card\" content=\"summary_large_image\" \/>\n<meta name=\"twitter:label1\" content=\"Estimated reading time\" \/>\n\t<meta name=\"twitter:data1\" content=\"1 minute\" \/>\n<script type=\"application\/ld+json\" class=\"yoast-schema-graph\">{\"@context\":\"https:\/\/schema.org\",\"@graph\":[{\"@type\":\"WebPage\",\"@id\":\"http:\/\/kingadutkiewicz.pl\/o-mnie\/\",\"url\":\"http:\/\/kingadutkiewicz.pl\/o-mnie\/\",\"name\":\"O mnie - Kinga Dutkiewicz Psychoterapia\",\"isPartOf\":{\"@id\":\"https:\/\/kingadutkiewicz.pl\/#website\"},\"datePublished\":\"2025-05-20T14:16:33+00:00\",\"dateModified\":\"2025-06-01T11:48:56+00:00\",\"breadcrumb\":{\"@id\":\"http:\/\/kingadutkiewicz.pl\/o-mnie\/#breadcrumb\"},\"inLanguage\":\"en-GB\",\"potentialAction\":[{\"@type\":\"ReadAction\",\"target\":[\"http:\/\/kingadutkiewicz.pl\/o-mnie\/\"]}]},{\"@type\":\"BreadcrumbList\",\"@id\":\"http:\/\/kingadutkiewicz.pl\/o-mnie\/#breadcrumb\",\"itemListElement\":[{\"@type\":\"ListItem\",\"position\":1,\"name\":\"Strona g\u0142\u00f3wna\",\"item\":\"https:\/\/kingadutkiewicz.pl\/\"},{\"@type\":\"ListItem\",\"position\":2,\"name\":\"O mnie\"}]},{\"@type\":\"WebSite\",\"@id\":\"https:\/\/kingadutkiewicz.pl\/#website\",\"url\":\"https:\/\/kingadutkiewicz.pl\/\",\"name\":\"Kinga Dutkiewicz Psychoterapia\",\"description\":\"\",\"potentialAction\":[{\"@type\":\"SearchAction\",\"target\":{\"@type\":\"EntryPoint\",\"urlTemplate\":\"https:\/\/kingadutkiewicz.pl\/?s={search_term_string}\"},\"query-input\":{\"@type\":\"PropertyValueSpecification\",\"valueRequired\":true,\"valueName\":\"search_term_string\"}}],\"inLanguage\":\"en-GB\"}]}<\/script>\n<!-- \/ Yoast SEO plugin. -->","yoast_head_json":{"title":"O mnie - Kinga Dutkiewicz Psychoterapia","robots":{"index":"index","follow":"follow","max-snippet":"max-snippet:-1","max-image-preview":"max-image-preview:large","max-video-preview":"max-video-preview:-1"},"canonical":"http:\/\/kingadutkiewicz.pl\/en\/o-mnie\/","og_locale":"en_GB","og_type":"article","og_title":"O mnie - Kinga Dutkiewicz Psychoterapia","og_description":"Jestem absolwentk\u0105 psychologii na Uniwersytecie Warszawskim oraz psychoterapeutk\u0105 po uko\u0144czeniu dw\u00f3ch szkole\u0144: Oba programy posiadaj\u0105 rekomendacj\u0119 Polskiego Towarzystwa Psychiatrycznego. Od 2020 roku jestem cz\u0142onkini\u0105 Sekcji Naukowej Terapii Rodzin Towarzystwa i pracuj\u0119 zgodnie z jego kodeksem etycznym. Posiadam tytu\u0142 specjalisty psychoterapii dzieci i m\u0142odzie\u017cy, zdobyty po zdaniu Pa\u0144stwowego Egzaminu Specjalizacyjnego przy Ministerstwie Zdrowia. Mam ponad 15 [&hellip;]","og_url":"http:\/\/kingadutkiewicz.pl\/en\/o-mnie\/","og_site_name":"Kinga Dutkiewicz Psychoterapia","article_modified_time":"2025-06-01T11:48:56+00:00","twitter_card":"summary_large_image","twitter_misc":{"Estimated reading time":"1 minute"},"schema":{"@context":"https:\/\/schema.org","@graph":[{"@type":"WebPage","@id":"http:\/\/kingadutkiewicz.pl\/o-mnie\/","url":"http:\/\/kingadutkiewicz.pl\/o-mnie\/","name":"O mnie - Kinga Dutkiewicz Psychoterapia","isPartOf":{"@id":"https:\/\/kingadutkiewicz.pl\/#website"},"datePublished":"2025-05-20T14:16:33+00:00","dateModified":"2025-06-01T11:48:56+00:00","breadcrumb":{"@id":"http:\/\/kingadutkiewicz.pl\/o-mnie\/#breadcrumb"},"inLanguage":"en-GB","potentialAction":[{"@type":"ReadAction","target":["http:\/\/kingadutkiewicz.pl\/o-mnie\/"]}]},{"@type":"BreadcrumbList","@id":"http:\/\/kingadutkiewicz.pl\/o-mnie\/#breadcrumb","itemListElement":[{"@type":"ListItem","position":1,"name":"Strona g\u0142\u00f3wna","item":"https:\/\/kingadutkiewicz.pl\/"},{"@type":"ListItem","position":2,"name":"O mnie"}]},{"@type":"WebSite","@id":"https:\/\/kingadutkiewicz.pl\/#website","url":"https:\/\/kingadutkiewicz.pl\/","name":"Kinga Dutkiewicz Psychoterapia","description":"","potentialAction":[{"@type":"SearchAction","target":{"@type":"EntryPoint","urlTemplate":"https:\/\/kingadutkiewicz.pl\/?s={search_term_string}"},"query-input":{"@type":"PropertyValueSpecification","valueRequired":true,"valueName":"search_term_string"}}],"inLanguage":"en-GB"}]}},"_links":{"self":[{"href":"http:\/\/kingadutkiewicz.pl\/en\/wp-json\/wp\/v2\/pages\/52","targetHints":{"allow":["GET"]}}],"collection":[{"href":"http:\/\/kingadutkiewicz.pl\/en\/wp-json\/wp\/v2\/pages"}],"about":[{"href":"http:\/\/kingadutkiewicz.pl\/en\/wp-json\/wp\/v2\/types\/page"}],"author":[{"embeddable":true,"href":"http:\/\/kingadutkiewicz.pl\/en\/wp-json\/wp\/v2\/users\/1"}],"replies":[{"embeddable":true,"href":"http:\/\/kingadutkiewicz.pl\/en\/wp-json\/wp\/v2\/comments?post=52"}],"version-history":[{"count":11,"href":"http:\/\/kingadutkiewicz.pl\/en\/wp-json\/wp\/v2\/pages\/52\/revisions"}],"predecessor-version":[{"id":183,"href":"http:\/\/kingadutkiewicz.pl\/en\/wp-json\/wp\/v2\/pages\/52\/revisions\/183"}],"wp:attachment":[{"href":"http:\/\/kingadutkiewicz.pl\/en\/wp-json\/wp\/v2\/media?parent=52"}],"curies":[{"name":"wp","href":"https:\/\/api.w.org\/{rel}","templated":true}]}}